{"id":2,"date":"2018-03-18T22:37:31","date_gmt":"2018-03-18T21:37:31","guid":{"rendered":"https:\/\/www.opteamax.eu\/?page_id=2"},"modified":"2022-09-20T12:41:29","modified_gmt":"2022-09-20T10:41:29","slug":"impressum","status":"publish","type":"page","link":"https:\/\/www.opteamax.eu\/en\/impressum\/","title":{"rendered":"Imprint"},"content":{"rendered":"<table>\n<tbody>\n<tr>\n<th>Consulting<\/th>\n<th>Warenhandel, Datacenter und<br \/>\nIP-Services<\/th>\n<\/tr>\n<tr>\n<td><b><i>Op<span style=\"color: red;\">team<\/span>ax <\/i><\/b> GmbH<\/p>\n<p>Virnebergstra\u00dfe 50<br \/>\n53619 Rheinbreitbach<\/p>\n<p>Gesch\u00e4ftsf\u00fchrer: Jens Ott<\/p>\n<p>Email: info@opteamax.de<\/p>\n<p>Telefon: +49 2224 969500<br \/>\nFax: +49 2224 97691059<\/p>\n<p>HRB: 23144 , Amtsgericht Montabaur<br \/>\nSteuer-Nr.: DE264133989<\/td>\n<td><b><i>Op<span style=\"color: red;\">team<\/span>ax Infrastructure <\/i><\/b> GmbH<\/p>\n<p>Virnebergstra\u00dfe 50<br \/>\n53619 Rheinbreitbach<\/p>\n<p>Gesch\u00e4ftsf\u00fchrer: Jens Ott<\/p>\n<p>Email: info@opteamax.eu<\/p>\n<p>Telefon: +49 2224 969500<br \/>\nFax: +49 2224 97691059<\/p>\n<p>HRB: 24854 , Amtsgericht Montabaur<br \/>\nSteuer-Nr.: DE303446020<\/td>\n<\/tr>\n<\/tbody>\n<\/table>\n<p>Bitte beachten Sie unsere <a href=\"\/en\/datenschutz\/\">Datenschutzrichtlinie<\/a> .<\/p>","protected":false},"excerpt":{"rendered":"<p>Consulting Warenhandel, Datacenter und IP-Services Opteamax GmbH Virnebergstra\u00dfe 50 53619 Rheinbreitbach Gesch\u00e4ftsf\u00fchrer: Jens Ott Email: info@opteamax.de Telefon: +49 2224 969500 Fax: +49 2224 97691059 HRB: 23144 , Amtsgericht Montabaur Steuer-Nr.: DE264133989 Opteamax Infrastructure GmbH Virnebergstra\u00dfe 50 53619 Rheinbreitbach Gesch\u00e4ftsf\u00fchrer: Jens Ott Email: info@opteamax.eu Telefon: +49 2224 969500 Fax: +49 2224 97691059 HRB: 24854 , Amtsgericht &hellip; <\/p>\n<p class=\"link-more\"><a href=\"https:\/\/www.opteamax.eu\/en\/impressum\/\" class=\"more-link\">Continue reading<span class=\"screen-reader-text\"> &#8222;Impressum&#8220;<\/span><\/a><\/p>","protected":false},"author":1,"featured_media":0,"parent":0,"menu_order":2,"comment_status":"closed","ping_status":"open","template":"","meta":{"footnotes":""},"class_list":["post-2","page","type-page","status-publish","hentry"],"aioseo_notices":[],"_links":{"self":[{"href":"https:\/\/www.opteamax.eu\/en\/wp-json\/wp\/v2\/pages\/2","targetHints":{"allow":["GET"]}}],"collection":[{"href":"https:\/\/www.opteamax.eu\/en\/wp-json\/wp\/v2\/pages"}],"about":[{"href":"https:\/\/www.opteamax.eu\/en\/wp-json\/wp\/v2\/types\/page"}],"author":[{"embeddable":true,"href":"https:\/\/www.opteamax.eu\/en\/wp-json\/wp\/v2\/users\/1"}],"replies":[{"embeddable":true,"href":"https:\/\/www.opteamax.eu\/en\/wp-json\/wp\/v2\/comments?post=2"}],"version-history":[{"count":8,"href":"https:\/\/www.opteamax.eu\/en\/wp-json\/wp\/v2\/pages\/2\/revisions"}],"predecessor-version":[{"id":478,"href":"https:\/\/www.opteamax.eu\/en\/wp-json\/wp\/v2\/pages\/2\/revisions\/478"}],"wp:attachment":[{"href":"https:\/\/www.opteamax.eu\/en\/wp-json\/wp\/v2\/media?parent=2"}],"curies":[{"name":"wp","href":"https:\/\/api.w.org\/{rel}","templated":true}]}}