{"id":35,"date":"2018-03-19T06:49:58","date_gmt":"2018-03-19T05:49:58","guid":{"rendered":"https:\/\/www.opteamax.eu\/?page_id=35"},"modified":"2022-09-20T11:37:25","modified_gmt":"2022-09-20T09:37:25","slug":"about","status":"publish","type":"page","link":"https:\/\/www.opteamax.eu\/en\/about\/","title":{"rendered":"About us"},"content":{"rendered":"<h2>Firmenhistorie<\/h2>\n<p>Die heutige &#8222;<i><b>Op<span style=\"color: #ff0000;\">team<\/span>ax <\/b><\/i> GmbH&#8220; wurde 2001 als Einzelunternehmen unter dem Namen &#8222;<i><b>Op<span style=\"color: #ff0000;\">team<\/span>ax <\/b><\/i> &#8211; Jens Ott Dienstleistungen&#8220; gegr\u00fcndet. Zu dieser Zeit wurden die Dienstleistungen ausschlie\u00dflich als Nebenerwerb erbracht.<\/p>\n<p>Mit der Umwandlung zur &#8222;<i><b>Op<span style=\"color: #ff0000;\">team<\/span>ax <\/b><\/i> UG (haftungsbeschr\u00e4nkt)&#8220; in 2009, wurde die heutige Haupterwerbst\u00e4tigkeit des Firmengr\u00fcnders Jens Ott aufgenommen.<\/p>\n<p>2012 wurde dann das Stammkapital aufgestockt und zum heutigen Namen umfirmiert.<\/p>\n<p>Nachdem wir zun\u00e4chst ausschlie\u00dflich klassisches Hosting angeboten haben, wurde das Portfolio 2009 um Consulting-Dienstleistungen erweitert. Etwa zeitgleich wurde der Grundstein f\u00fcr unsere IP-Transit-Dienstleistungen gelegt, zun\u00e4chst ausschlie\u00dflich mit dem Standort N\u00fcrnberg. Mit steigender Nachfrage wurde dieses Netz mit Erschlie\u00dfung verschiedener Internet-Exchange-Knoten und weiterer Standorte stetig ausgebaut.<\/p>\n<p>2015 wurden alle Gesch\u00e4ftsfelder au\u00dfer des Consultings in die <em><strong>Op<span style=\"color: #ff0000;\">team<\/span>ax Infrastructure GmbH<\/strong> <\/em>ausgelagert, welche aber eine 100% Tochter der <em><strong>Op<span style=\"color: #ff0000;\">team<\/span>ax<\/strong><\/em> GmbH ist.<\/p>\n<table width=\"100%\">\n<tbody>\n<tr>\n<th style=\"width: 250px;\"><\/th>\n<td style=\"width: 30px;\" rowspan=\"5\"><\/td>\n<td class=\"b\" style=\"width: 800px;\" rowspan=\"5\">&nbsp;<\/p>\n<p style=\"text-align: center;\"><img loading=\"lazy\" decoding=\"async\" class=\"alignnone size-full wp-image-42\" src=\"https:\/\/www.opteamax.eu\/wp-content\/uploads\/2018\/03\/jens_ott.jpg\" alt=\"\" width=\"200\" height=\"264\" \/><br \/>\nJens Ott, Gesch\u00e4ftsf\u00fchrer<\/p>\n<\/td>\n<\/tr>\n<tr>\n<td class=\"c\" style=\"width: 256.4px;\">\n<p style=\"text-align: center;\">\n<\/td>\n<\/tr>\n<\/tbody>\n<\/table>\n<p>&nbsp;<\/p>","protected":false},"excerpt":{"rendered":"<p>Firmenhistorie Die heutige &#8222;Opteamax GmbH&#8220; wurde 2001 als Einzelunternehmen unter dem Namen &#8222;Opteamax &#8211; Jens Ott Dienstleistungen&#8220; gegr\u00fcndet. Zu dieser Zeit wurden die Dienstleistungen ausschlie\u00dflich als Nebenerwerb erbracht. Mit der Umwandlung zur &#8222;Opteamax UG (haftungsbeschr\u00e4nkt)&#8220; in 2009, wurde die heutige Haupterwerbst\u00e4tigkeit des Firmengr\u00fcnders Jens Ott aufgenommen. 2012 wurde dann das Stammkapital aufgestockt und zum heutigen &hellip; <\/p>\n<p class=\"link-more\"><a href=\"https:\/\/www.opteamax.eu\/en\/about\/\" class=\"more-link\">Continue reading<span class=\"screen-reader-text\"> &#8222;\u00dcber uns&#8220;<\/span><\/a><\/p>","protected":false},"author":1,"featured_media":0,"parent":0,"menu_order":0,"comment_status":"closed","ping_status":"closed","template":"","meta":{"footnotes":""},"class_list":["post-35","page","type-page","status-publish","hentry"],"aioseo_notices":[],"_links":{"self":[{"href":"https:\/\/www.opteamax.eu\/en\/wp-json\/wp\/v2\/pages\/35","targetHints":{"allow":["GET"]}}],"collection":[{"href":"https:\/\/www.opteamax.eu\/en\/wp-json\/wp\/v2\/pages"}],"about":[{"href":"https:\/\/www.opteamax.eu\/en\/wp-json\/wp\/v2\/types\/page"}],"author":[{"embeddable":true,"href":"https:\/\/www.opteamax.eu\/en\/wp-json\/wp\/v2\/users\/1"}],"replies":[{"embeddable":true,"href":"https:\/\/www.opteamax.eu\/en\/wp-json\/wp\/v2\/comments?post=35"}],"version-history":[{"count":9,"href":"https:\/\/www.opteamax.eu\/en\/wp-json\/wp\/v2\/pages\/35\/revisions"}],"predecessor-version":[{"id":471,"href":"https:\/\/www.opteamax.eu\/en\/wp-json\/wp\/v2\/pages\/35\/revisions\/471"}],"wp:attachment":[{"href":"https:\/\/www.opteamax.eu\/en\/wp-json\/wp\/v2\/media?parent=35"}],"curies":[{"name":"wp","href":"https:\/\/api.w.org\/{rel}","templated":true}]}}