{"id":397,"date":"2021-03-14T21:05:52","date_gmt":"2021-03-14T20:05:52","guid":{"rendered":"https:\/\/www.opteamax.eu\/?page_id=397"},"modified":"2022-09-20T11:36:56","modified_gmt":"2022-09-20T09:36:56","slug":"stellenausschreibungen-jobs-karriere","status":"publish","type":"page","link":"https:\/\/www.opteamax.eu\/en\/stellenausschreibungen-jobs-karriere\/","title":{"rendered":"Stellenausschreibungen, Jobs, Karriere"},"content":{"rendered":"<h1>Senior Netzwerk-Operator (m\/w\/d)<\/h1>\n<p>Zum n\u00e4chstm\u00f6glichen Zeitpunkt suchen wir einen Senior Netzwerk-Operator f\u00fcr den Betrieb von Rechenzentrums- und Backbone-Netzwerken.<\/p>\n<p>Deine prim\u00e4re Aufgabe wird die Betreuung und der qualifizierte Second-\/Third-Level-Support f\u00fcr Netzwerke unserer Kunden und unserer eigenen Backbone-Infrastruktur sein.<\/p>\n<p>Hierbei unterst\u00fctzt du unsere Kunden im t\u00e4glichen Betrieb ihrer Netze, hast aber auch die M\u00f6glichkeit, dich mit eigenen Ideen in die Weiterentwicklung des Netzaufbaus einzubringen. Je nach Vorerfahrung arbeitest du Hand in Hand mit der Netzplanung und hast die Chance, dich in den Bereich Netzarchitektur einzubringen und dich in dieser Richtung weiter zu entwickeln.<\/p>\n<p>Als kleines Unternehmen zeichnen wir uns durch eine hohe Flexibilit\u00e4t aus, die sich nicht nur in den abwechslungsreichen Aufgabenstellungen sondern auch in der Einteilung der Arbeitszeiten widerspiegelt.<\/p>\n<p>Einen Gro\u00dfteil der T\u00e4tigkeiten\u00a0 kannst du bei uns aus dem Home-Office erledigen. Gelegentliche Termine bei Kunden vor Ort sollten aber (zumindest nach Corona) kein Problem f\u00fcr dich sein.<\/p>\n<h4>Dein Profil:<\/h4>\n<ul>\n<li style=\"list-style-type: none;\">\n<ul>\n<li>Weitreichende Kenntnisse von JunOS, Cisco IOS und NX-OS<\/li>\n<li>Betrieb von Transport-Netzwerken (MPLS, EVPN)<\/li>\n<li>Betrieb von IP-Transit-Netzwerken<\/li>\n<li>Kenntnis g\u00e4ngiger Protokolle (BGP\/IS-IS\/OSPF)<\/li>\n<li>Erfahrung mit Rechenzentrums-Netzwerken<\/li>\n<li>Selbst\u00e4ndiges Arbeiten und kreatives Denken<\/li>\n<li>Flie\u00dfende Deutschkenntnisse und gutes Englisch (IT)<\/li>\n<\/ul>\n<\/li>\n<\/ul>\n<h4>Nice-to-have:<\/h4>\n<ul>\n<li style=\"list-style-type: none;\">\n<ul>\n<li>Plattformen Brocade\/Extreme-Networks, F5 oder Arista<\/li>\n<li>Erfahrung im Peering-Umfeld<\/li>\n<li>Planung vom Netzwerken<\/li>\n<li>Linux- und Scripting-Erfahurung<\/li>\n<\/ul>\n<\/li>\n<\/ul>\n<h4>Das kannst du von uns erwarten:<\/h4>\n<ul>\n<li style=\"list-style-type: none;\">\n<ul>\n<li>Fairer Umgang und vertrauensvolles Miteinander<\/li>\n<li>Flexible Arbeitszeiten und einen \u00fcberwiegenden Home-Office-Anteil<\/li>\n<li>Unterst\u00fctzung und Weiterbildungen<\/li>\n<li>Weitreichende Entfaltungsm\u00f6glichkeiten und Raum f\u00fcr Kreativit\u00e4t<\/li>\n<\/ul>\n<\/li>\n<\/ul>\n<p>Konnten wir dein Interesse wecken? Dann freuen wir uns \u00fcber deine aussagekr\u00e4ftige Bewerbung.<\/p>\n\n<div class=\"wpcf7 no-js\" id=\"wpcf7-f401-o1\" lang=\"de-DE\" dir=\"ltr\" data-wpcf7-id=\"401\">\n<div class=\"screen-reader-response\"><p role=\"status\" aria-live=\"polite\" aria-atomic=\"true\"><\/p> <ul><\/ul><\/div>\n<form action=\"\/en\/wp-json\/wp\/v2\/pages\/397#wpcf7-f401-o1\" method=\"post\" class=\"wpcf7-form init\" aria-label=\"Kontaktformular\" enctype=\"multipart\/form-data\" novalidate=\"novalidate\" data-status=\"init\" data-trp-original-action=\"\/en\/wp-json\/wp\/v2\/pages\/397#wpcf7-f401-o1\">\n<fieldset class=\"hidden-fields-container\"><input type=\"hidden\" name=\"_wpcf7\" value=\"401\" \/><input type=\"hidden\" name=\"_wpcf7_version\" value=\"6.1.5\" \/><input type=\"hidden\" name=\"_wpcf7_locale\" value=\"de_DE\" \/><input type=\"hidden\" name=\"_wpcf7_unit_tag\" value=\"wpcf7-f401-o1\" \/><input type=\"hidden\" name=\"_wpcf7_container_post\" value=\"0\" \/><input type=\"hidden\" name=\"_wpcf7_posted_data_hash\" value=\"\" \/><input type=\"hidden\" name=\"_wpcf7_recaptcha_response\" value=\"\" \/>\n<\/fieldset>\n<p><label> Dein Name<br \/>\n<span class=\"wpcf7-form-control-wrap\" data-name=\"your-name\"><input size=\"40\" maxlength=\"400\" class=\"wpcf7-form-control wpcf7-text wpcf7-validates-as-required\" aria-required=\"true\" aria-invalid=\"false\" value=\"\" type=\"text\" name=\"your-name\" \/><\/span> <\/label>\n<\/p>\n<p><label> Deine E-Mail-Adresse<br \/>\n<span class=\"wpcf7-form-control-wrap\" data-name=\"your-email\"><input size=\"40\" maxlength=\"400\" class=\"wpcf7-form-control wpcf7-email wpcf7-validates-as-required wpcf7-text wpcf7-validates-as-email\" aria-required=\"true\" aria-invalid=\"false\" value=\"\" type=\"email\" name=\"your-email\" \/><\/span> <\/label>\n<\/p>\n<p><label> Telefon<br \/>\n<span class=\"wpcf7-form-control-wrap\" data-name=\"phone\"><input size=\"40\" maxlength=\"400\" class=\"wpcf7-form-control wpcf7-text wpcf7-validates-as-required\" aria-required=\"true\" aria-invalid=\"false\" value=\"\" type=\"text\" name=\"phone\" \/><\/span> <\/label>\n<\/p>\n<p><label> Gehaltsvorstellung (Jahresgehalt)<br \/>\n<span class=\"wpcf7-form-control-wrap\" data-name=\"gehalt\"><input class=\"wpcf7-form-control wpcf7-number wpcf7-validates-as-required wpcf7-validates-as-number\" aria-required=\"true\" aria-invalid=\"false\" value=\"\" type=\"number\" name=\"gehalt\" \/><\/span><\/label>\n<\/p>\n<p><label> Dein Anschreiben<br \/>\n<span class=\"wpcf7-form-control-wrap\" data-name=\"your-message\"><textarea cols=\"40\" rows=\"10\" maxlength=\"2000\" class=\"wpcf7-form-control wpcf7-textarea wpcf7-validates-as-required\" aria-required=\"true\" aria-invalid=\"false\" name=\"your-message\"><\/textarea><\/span> <\/label>\n<\/p>\n<p><label> Bewerbungsschreiben <span class=\"wpcf7-form-control-wrap\" data-name=\"anschreiben\"><input size=\"40\" class=\"wpcf7-form-control wpcf7-file wpcf7-validates-as-required\" id=\"anschreiben\" accept=\".pdf\" aria-required=\"true\" aria-invalid=\"false\" type=\"file\" name=\"anschreiben\" \/><\/span><\/label><br \/>\n<label> Lebenslauf <span class=\"wpcf7-form-control-wrap\" data-name=\"cv\"><input size=\"40\" class=\"wpcf7-form-control wpcf7-file wpcf7-validates-as-required\" id=\"cv\" accept=\".pdf\" aria-required=\"true\" aria-invalid=\"false\" type=\"file\" name=\"cv\" \/><\/span><\/label><br \/>\n<span class=\"wpcf7-form-control-wrap recaptcha\" data-name=\"recaptcha\"><span data-sitekey=\"6LeXscMUAAAAAKhrvVlVS5bgdUqWDcvioPD8_vOf\" class=\"wpcf7-form-control wpcf7-recaptcha g-recaptcha\"><\/span>\r\n<noscript>\r\n\t<div class=\"grecaptcha-noscript\">\r\n\t\t<iframe loading=\"lazy\" src=\"https:\/\/www.google.com\/recaptcha\/api\/fallback?k=6LeXscMUAAAAAKhrvVlVS5bgdUqWDcvioPD8_vOf\" frameborder=\"0\" scrolling=\"no\" width=\"310\" height=\"430\">\r\n\t\t<\/iframe>\r\n\t\t<textarea name=\"g-recaptcha-response\" rows=\"3\" cols=\"40\" placeholder=\"reCaptcha Response Here\">\r\n\t\t<\/textarea>\r\n\t<\/div>\r\n<\/noscript>\r\n<\/span><input class=\"wpcf7-form-control wpcf7-submit has-spinner\" type=\"submit\" value=\"Senden\" \/>\n<\/p><div class=\"wpcf7-response-output\" aria-hidden=\"true\"><\/div>\n<input type=\"hidden\" name=\"trp-form-language\" value=\"en\"\/><\/form>\n<\/div>","protected":false},"excerpt":{"rendered":"<p>Senior Netzwerk-Operator (m\/w\/d) Zum n\u00e4chstm\u00f6glichen Zeitpunkt suchen wir einen Senior Netzwerk-Operator f\u00fcr den Betrieb von Rechenzentrums- und Backbone-Netzwerken. Deine prim\u00e4re Aufgabe wird die Betreuung und der qualifizierte Second-\/Third-Level-Support f\u00fcr Netzwerke unserer Kunden und unserer eigenen Backbone-Infrastruktur sein. Hierbei unterst\u00fctzt du unsere Kunden im t\u00e4glichen Betrieb ihrer Netze, hast aber auch die M\u00f6glichkeit, dich mit eigenen &hellip; <\/p>\n<p class=\"link-more\"><a href=\"https:\/\/www.opteamax.eu\/en\/stellenausschreibungen-jobs-karriere\/\" class=\"more-link\">Continue reading<span class=\"screen-reader-text\"> &#8222;Stellenausschreibungen, Jobs, Karriere&#8220;<\/span><\/a><\/p>","protected":false},"author":1,"featured_media":0,"parent":0,"menu_order":0,"comment_status":"closed","ping_status":"closed","template":"","meta":{"footnotes":""},"class_list":["post-397","page","type-page","status-publish","hentry"],"aioseo_notices":[],"_links":{"self":[{"href":"https:\/\/www.opteamax.eu\/en\/wp-json\/wp\/v2\/pages\/397","targetHints":{"allow":["GET"]}}],"collection":[{"href":"https:\/\/www.opteamax.eu\/en\/wp-json\/wp\/v2\/pages"}],"about":[{"href":"https:\/\/www.opteamax.eu\/en\/wp-json\/wp\/v2\/types\/page"}],"author":[{"embeddable":true,"href":"https:\/\/www.opteamax.eu\/en\/wp-json\/wp\/v2\/users\/1"}],"replies":[{"embeddable":true,"href":"https:\/\/www.opteamax.eu\/en\/wp-json\/wp\/v2\/comments?post=397"}],"version-history":[{"count":36,"href":"https:\/\/www.opteamax.eu\/en\/wp-json\/wp\/v2\/pages\/397\/revisions"}],"predecessor-version":[{"id":470,"href":"https:\/\/www.opteamax.eu\/en\/wp-json\/wp\/v2\/pages\/397\/revisions\/470"}],"wp:attachment":[{"href":"https:\/\/www.opteamax.eu\/en\/wp-json\/wp\/v2\/media?parent=397"}],"curies":[{"name":"wp","href":"https:\/\/api.w.org\/{rel}","templated":true}]}}