{"id":73,"date":"2018-05-22T23:49:19","date_gmt":"2018-05-22T21:49:19","guid":{"rendered":"https:\/\/www.opteamax.eu\/?page_id=73"},"modified":"2020-11-11T17:29:13","modified_gmt":"2020-11-11T16:29:13","slug":"ip-services","status":"publish","type":"page","link":"https:\/\/www.opteamax.eu\/en\/unser-angebot\/ip-services\/","title":{"rendered":"IP-Services"},"content":{"rendered":"<p>Derzeit bieten wir IP-Transit an folgenden Standorten in Deutschland an:<\/p>\n<ul>\n<li>Frankfurt InterXion<\/li>\n<li>Frankfurt NTT (e-Shelter)<\/li>\n<li>N\u00fcrnberg Hetzner<\/li>\n<li>N\u00fcrnberg QSC<\/li>\n<li>Hamburg IPHH<\/li>\n<\/ul>\n<p>Durch unsere direkte Anbindung an die Internet-Exchanges AMS-IX, DE-CIX, ECIX und NL-IX sowie einige gro\u00dfe Carrier (Cable &amp; Wireless (Vodafone), China-Telecom, DTAG, Telia, TISparkle) sowie verschiedene private Netzwerk-Verbindungen zu verschiedenen Anbietern, k\u00f6nnen wir Ihnen ein qualitativ hochwertiges, performantes und hochredundantes Netzwerk anbieten.<br \/>Wir bieten Ihnen dabei sowohl eine Anbindung Ihres bestehenden eigenen autonomen System (AS) per BGP, als auch f\u00fcr kleineren Bedarf die Bereitstellung von IP-Netzen zur direkten Nutzung aus unserem AS.<\/p>\n<p>Da wir aus historischen Gr\u00fcnden zwei getrennte ASN betreiben, die vollst\u00e4ndig autark voneinander sind, k\u00f6nnen wir Ihnen derzeit an zwei Standorten eine Anbindung \u00fcber zwei Upstreams anbieten.<\/p>","protected":false},"excerpt":{"rendered":"","protected":false},"author":1,"featured_media":0,"parent":70,"menu_order":0,"comment_status":"closed","ping_status":"closed","template":"","meta":{"footnotes":""},"class_list":["post-73","page","type-page","status-publish","hentry"],"aioseo_notices":[],"_links":{"self":[{"href":"https:\/\/www.opteamax.eu\/en\/wp-json\/wp\/v2\/pages\/73","targetHints":{"allow":["GET"]}}],"collection":[{"href":"https:\/\/www.opteamax.eu\/en\/wp-json\/wp\/v2\/pages"}],"about":[{"href":"https:\/\/www.opteamax.eu\/en\/wp-json\/wp\/v2\/types\/page"}],"author":[{"embeddable":true,"href":"https:\/\/www.opteamax.eu\/en\/wp-json\/wp\/v2\/users\/1"}],"replies":[{"embeddable":true,"href":"https:\/\/www.opteamax.eu\/en\/wp-json\/wp\/v2\/comments?post=73"}],"version-history":[{"count":5,"href":"https:\/\/www.opteamax.eu\/en\/wp-json\/wp\/v2\/pages\/73\/revisions"}],"predecessor-version":[{"id":388,"href":"https:\/\/www.opteamax.eu\/en\/wp-json\/wp\/v2\/pages\/73\/revisions\/388"}],"up":[{"embeddable":true,"href":"https:\/\/www.opteamax.eu\/en\/wp-json\/wp\/v2\/pages\/70"}],"wp:attachment":[{"href":"https:\/\/www.opteamax.eu\/en\/wp-json\/wp\/v2\/media?parent=73"}],"curies":[{"name":"wp","href":"https:\/\/api.w.org\/{rel}","templated":true}]}}