{"id":77,"date":"2019-09-20T09:35:25","date_gmt":"2019-09-20T07:35:25","guid":{"rendered":"https:\/\/www.opteamax.eu\/?page_id=77"},"modified":"2022-09-20T11:40:16","modified_gmt":"2022-09-20T09:40:16","slug":"layer2-verbindungen","status":"publish","type":"page","link":"https:\/\/www.opteamax.eu\/en\/unser-angebot\/layer2-verbindungen\/","title":{"rendered":"Layer2 connections"},"content":{"rendered":"<p>Wir bieten unseren Kunden redundant gef\u00fchrte Layer2 Verbindungen zwischen unseren Standorten sowie zu verschiedenen Internet-Exchanges:<\/p>\n<p>Zwischen unseren Standorten in N\u00fcrnberg, Hamburg und Frankfurt bieten wir Layer2 Verbindungen, entweder als Wellenl\u00e4ngen auf unserem WDM-System, oder als protected Carrier-Ethernet \u00fcber MPLS.<\/p>\n<p>Au\u00dferdem sind wir als Reseller f\u00fcr den DE-CIX und ECIX t\u00e4tig und k\u00f6nnen Sie in allen unseren Standorten zu fairen Konditionen an diese Exchanges anbienden.<\/p>","protected":false},"excerpt":{"rendered":"<p>Wir bieten unseren Kunden redundant gef\u00fchrte Layer2 Verbindungen zwischen unseren Standorten sowie zu verschiedenen Internet-Exchanges: Zwischen unseren Standorten in N\u00fcrnberg, Hamburg und Frankfurt bieten wir Layer2 Verbindungen, entweder als Wellenl\u00e4ngen auf unserem WDM-System, oder als protected Carrier-Ethernet \u00fcber MPLS. Au\u00dferdem sind wir als Reseller f\u00fcr den DE-CIX und ECIX t\u00e4tig und k\u00f6nnen Sie in allen &hellip; <\/p>\n<p class=\"link-more\"><a href=\"https:\/\/www.opteamax.eu\/en\/unser-angebot\/layer2-verbindungen\/\" class=\"more-link\">Continue reading<span class=\"screen-reader-text\"> &#8222;Layer2-Verbindungen&#8220;<\/span><\/a><\/p>","protected":false},"author":1,"featured_media":0,"parent":70,"menu_order":0,"comment_status":"closed","ping_status":"closed","template":"","meta":{"footnotes":""},"class_list":["post-77","page","type-page","status-publish","hentry"],"aioseo_notices":[],"_links":{"self":[{"href":"https:\/\/www.opteamax.eu\/en\/wp-json\/wp\/v2\/pages\/77","targetHints":{"allow":["GET"]}}],"collection":[{"href":"https:\/\/www.opteamax.eu\/en\/wp-json\/wp\/v2\/pages"}],"about":[{"href":"https:\/\/www.opteamax.eu\/en\/wp-json\/wp\/v2\/types\/page"}],"author":[{"embeddable":true,"href":"https:\/\/www.opteamax.eu\/en\/wp-json\/wp\/v2\/users\/1"}],"replies":[{"embeddable":true,"href":"https:\/\/www.opteamax.eu\/en\/wp-json\/wp\/v2\/comments?post=77"}],"version-history":[{"count":3,"href":"https:\/\/www.opteamax.eu\/en\/wp-json\/wp\/v2\/pages\/77\/revisions"}],"predecessor-version":[{"id":476,"href":"https:\/\/www.opteamax.eu\/en\/wp-json\/wp\/v2\/pages\/77\/revisions\/476"}],"up":[{"embeddable":true,"href":"https:\/\/www.opteamax.eu\/en\/wp-json\/wp\/v2\/pages\/70"}],"wp:attachment":[{"href":"https:\/\/www.opteamax.eu\/en\/wp-json\/wp\/v2\/media?parent=77"}],"curies":[{"name":"wp","href":"https:\/\/api.w.org\/{rel}","templated":true}]}}