{"id":82,"date":"2018-05-23T13:51:06","date_gmt":"2018-05-23T11:51:06","guid":{"rendered":"https:\/\/www.opteamax.eu\/?page_id=82"},"modified":"2022-09-20T11:40:50","modified_gmt":"2022-09-20T09:40:50","slug":"beratung","status":"publish","type":"page","link":"https:\/\/www.opteamax.eu\/en\/unser-angebot\/beratung\/","title":{"rendered":"Consulting"},"content":{"rendered":"<h2>Netzwerkberatung<\/h2>\n<p>Bereits seit 2001 sind wir im Bereich Netzwerk unterwegs. Bevor unser Firmengr\u00fcnder die Opteamax GmbH ins Leben gerufen hat, war er bei einem gro\u00dfen deutschen Hosting-Anbieter t\u00e4tig und hat dort u.a. die gesamte Netzplanung sowie den Betrieb des Netzes verantwortet.<\/p>\n<p>Im Routing-Umfeld liegt unsere Schwerpunkt bei Juniper, aber seit jeher haben wir uns auch mit Produkten anderer Hersteller auseinander gesetzt.<\/p>\n<p>Inzwischen k\u00f6nnen wir auf langj\u00e4hrige Erfahrungen und diverse Projekte im Bereich der Netzplanung und des Netzbetriebs zur\u00fcckblicken. Dabei geh\u00f6ren Anbindungen an Internet-Exchanges inklusive Peering-Evaluation und -Verhandlungen gleicherma\u00dfen zu unserem T\u00e4tigkeitsprofil, wie die Planung von Datacenter- und Campusnetzwerken.<\/p>\n<p>Wir begleiten unsere Kunden von der Idee, \u00fcber die Bedarfsanalyse, die Hardware-Auswahl und -beschaffung, bis hin zum Langzeit-Betrieb.\u00a0 Durch unsere gute Kooperation mit diversen Distributoren und Hardware-Herstellern k\u00f6nnen wir unsere Kunden dabei auch wirtschaftlich interessante Optionen aufzeigen.<\/p>","protected":false},"excerpt":{"rendered":"<p>Netzwerkberatung Bereits seit 2001 sind wir im Bereich Netzwerk unterwegs. Bevor unser Firmengr\u00fcnder die Opteamax GmbH ins Leben gerufen hat, war er bei einem gro\u00dfen deutschen Hosting-Anbieter t\u00e4tig und hat dort u.a. die gesamte Netzplanung sowie den Betrieb des Netzes verantwortet. Im Routing-Umfeld liegt unsere Schwerpunkt bei Juniper, aber seit jeher haben wir uns auch &hellip; <\/p>\n<p class=\"link-more\"><a href=\"https:\/\/www.opteamax.eu\/en\/unser-angebot\/beratung\/\" class=\"more-link\">Continue reading<span class=\"screen-reader-text\"> &#8222;Beratung&#8220;<\/span><\/a><\/p>","protected":false},"author":1,"featured_media":0,"parent":70,"menu_order":1,"comment_status":"closed","ping_status":"closed","template":"","meta":{"footnotes":""},"class_list":["post-82","page","type-page","status-publish","hentry"],"aioseo_notices":[],"_links":{"self":[{"href":"https:\/\/www.opteamax.eu\/en\/wp-json\/wp\/v2\/pages\/82","targetHints":{"allow":["GET"]}}],"collection":[{"href":"https:\/\/www.opteamax.eu\/en\/wp-json\/wp\/v2\/pages"}],"about":[{"href":"https:\/\/www.opteamax.eu\/en\/wp-json\/wp\/v2\/types\/page"}],"author":[{"embeddable":true,"href":"https:\/\/www.opteamax.eu\/en\/wp-json\/wp\/v2\/users\/1"}],"replies":[{"embeddable":true,"href":"https:\/\/www.opteamax.eu\/en\/wp-json\/wp\/v2\/comments?post=82"}],"version-history":[{"count":5,"href":"https:\/\/www.opteamax.eu\/en\/wp-json\/wp\/v2\/pages\/82\/revisions"}],"predecessor-version":[{"id":477,"href":"https:\/\/www.opteamax.eu\/en\/wp-json\/wp\/v2\/pages\/82\/revisions\/477"}],"up":[{"embeddable":true,"href":"https:\/\/www.opteamax.eu\/en\/wp-json\/wp\/v2\/pages\/70"}],"wp:attachment":[{"href":"https:\/\/www.opteamax.eu\/en\/wp-json\/wp\/v2\/media?parent=82"}],"curies":[{"name":"wp","href":"https:\/\/api.w.org\/{rel}","templated":true}]}}